{"id":1474,"date":"2012-12-04T15:36:06","date_gmt":"2012-12-04T15:36:06","guid":{"rendered":"http:\/\/svedenback.se\/wp_test_photo_URL\/?page_id=1474"},"modified":"2017-03-03T09:46:56","modified_gmt":"2017-03-03T08:46:56","slug":"kontakt","status":"publish","type":"page","link":"https:\/\/svedenback.se\/?page_id=1474","title":{"rendered":"Kontakt"},"content":{"rendered":"<p><script>\n  (function(i,s,o,g,r,a,m){i['GoogleAnalyticsObject']=r;i[r]=i[r]||function(){\n  (i[r].q=i[r].q||[]).push(arguments)},i[r].l=1*new Date();a=s.createElement(o),\n  m=s.getElementsByTagName(o)[0];a.async=1;a.src=g;m.parentNode.insertBefore(a,m)\n  })(window,document,'script','\/\/www.google-analytics.com\/analytics.js','ga');<\/p>\n<p>  ga('create', 'UA-38276173-1', 'auto');\n  ga('send', 'pageview');<\/p>\n<p><\/script><\/p>\n<table width=\"800\">\n<tr> <font color=\"#fff\"><br \/>\n   Gunnar Svedenb\u00e4ck<\/p>\n<p>   \u00c5skv\u00e4gen 9<br \/>\n   976 32 lule\u00e5<\/p>\n<p>   070 641 65 17<br \/>\n   photoby(at)svedenback.se<\/p>\n<\/td>\n<\/tr>\n<\/table>\n","protected":false},"excerpt":{"rendered":"<p>Gunnar Svedenb\u00e4ck \u00c5skv\u00e4gen 9 976 32 lule\u00e5 070 641 65 17 photoby(at)svedenback.se<\/p>\n","protected":false},"author":2,"featured_media":0,"parent":0,"menu_order":0,"comment_status":"closed","ping_status":"closed","template":"","meta":{"footnotes":""},"class_list":["post-1474","page","type-page","status-publish","hentry"],"_links":{"self":[{"href":"https:\/\/svedenback.se\/index.php?rest_route=\/wp\/v2\/pages\/1474","targetHints":{"allow":["GET"]}}],"collection":[{"href":"https:\/\/svedenback.se\/index.php?rest_route=\/wp\/v2\/pages"}],"about":[{"href":"https:\/\/svedenback.se\/index.php?rest_route=\/wp\/v2\/types\/page"}],"author":[{"embeddable":true,"href":"https:\/\/svedenback.se\/index.php?rest_route=\/wp\/v2\/users\/2"}],"replies":[{"embeddable":true,"href":"https:\/\/svedenback.se\/index.php?rest_route=%2Fwp%2Fv2%2Fcomments&post=1474"}],"version-history":[{"count":130,"href":"https:\/\/svedenback.se\/index.php?rest_route=\/wp\/v2\/pages\/1474\/revisions"}],"predecessor-version":[{"id":2833,"href":"https:\/\/svedenback.se\/index.php?rest_route=\/wp\/v2\/pages\/1474\/revisions\/2833"}],"wp:attachment":[{"href":"https:\/\/svedenback.se\/index.php?rest_route=%2Fwp%2Fv2%2Fmedia&parent=1474"}],"curies":[{"name":"wp","href":"https:\/\/api.w.org\/{rel}","templated":true}]}}